{"id":2579,"date":"2023-01-20T13:22:15","date_gmt":"2023-01-20T13:22:15","guid":{"rendered":"https:\/\/www.esteticamya.it\/stg120326\/?page_id=2579"},"modified":"2026-03-06T15:53:29","modified_gmt":"2026-03-06T14:53:29","slug":"chi-siamo","status":"publish","type":"page","link":"https:\/\/www.esteticamya.it\/stg120326\/chi-siamo\/","title":{"rendered":"Chi Siamo | Centro Estetico Mya \u2013 San Mauro Torinese"},"content":{"rendered":"\t\t<div data-elementor-type=\"wp-page\" data-elementor-id=\"2579\" class=\"elementor elementor-2579\">\n\t\t\t\t\t\t<section class=\"elementor-section elementor-top-section elementor-element elementor-element-b516945 elementor-section-boxed elementor-section-height-default elementor-section-height-default\" data-id=\"b516945\" data-element_type=\"section\" data-e-type=\"section\">\n\t\t\t\t\t\t<div class=\"elementor-container elementor-column-gap-default\">\n\t\t\t\t\t<div class=\"elementor-column elementor-col-100 elementor-top-column elementor-element elementor-element-04a1f65\" data-id=\"04a1f65\" data-element_type=\"column\" data-e-type=\"column\">\n\t\t\t<div class=\"elementor-widget-wrap elementor-element-populated\">\n\t\t\t\t\t\t<div class=\"elementor-element elementor-element-435b0f2 elementor-widget elementor-widget-heading\" data-id=\"435b0f2\" data-element_type=\"widget\" data-e-type=\"widget\" data-widget_type=\"heading.default\">\n\t\t\t\t<div class=\"elementor-widget-container\">\n\t\t\t\t\t<h2 class=\"elementor-heading-title elementor-size-default\">Chi Siamo<\/h2>\t\t\t\t<\/div>\n\t\t\t\t<\/div>\n\t\t\t\t<div class=\"elementor-element elementor-element-47ed898 elementor-widget elementor-widget-image\" data-id=\"47ed898\" data-element_type=\"widget\" data-e-type=\"widget\" data-widget_type=\"image.default\">\n\t\t\t\t<div class=\"elementor-widget-container\">\n\t\t\t\t\t\t\t\t\t\t\t\t\t\t\t<img fetchpriority=\"high\" decoding=\"async\" width=\"1024\" height=\"576\" src=\"https:\/\/www.esteticamya.it\/stg120326\/wp-content\/uploads\/2022\/09\/copertina_centro_estetica_mya2-1024x576.jpg\" class=\"attachment-large size-large wp-image-1203\" alt=\"trattamenti estetici di estetica mya\" srcset=\"https:\/\/www.esteticamya.it\/stg120326\/wp-content\/uploads\/2022\/09\/copertina_centro_estetica_mya2-1024x576.jpg 1024w, https:\/\/www.esteticamya.it\/stg120326\/wp-content\/uploads\/2022\/09\/copertina_centro_estetica_mya2-e1674374738917-300x169.jpg 300w, https:\/\/www.esteticamya.it\/stg120326\/wp-content\/uploads\/2022\/09\/copertina_centro_estetica_mya2-e1674374738917-768x432.jpg 768w, https:\/\/www.esteticamya.it\/stg120326\/wp-content\/uploads\/2022\/09\/copertina_centro_estetica_mya2-e1674374738917.jpg 800w\" sizes=\"(max-width: 1024px) 100vw, 1024px\" \/>\t\t\t\t\t\t\t\t\t\t\t\t\t\t\t<\/div>\n\t\t\t\t<\/div>\n\t\t\t\t<div class=\"elementor-element elementor-element-100a533 elementor-widget elementor-widget-text-editor\" data-id=\"100a533\" data-element_type=\"widget\" data-e-type=\"widget\" data-widget_type=\"text-editor.default\">\n\t\t\t\t<div class=\"elementor-widget-container\">\n\t\t\t\t\t\t\t\t\t<p>Estetica Mya, dove volersi bene \u00e8 un&#8217;arte dalle possibilit\u00e0 infinite.<\/p>\n<p>Il centro \u00e8 una struttura dedicata alla cura del proprio corpo. \u00c8 un oasi di pace e relax per il fisico e per la mente, dove rigenerarsi per affrontare con energia positiva la nostra vita stressante e piena di impegni tutti i giorni. Dopo un&#8217;esperienza pluriennale nel campo dell&#8217;estetica e del benessere come titolare del centro Estetico Triade sito presso la profumeria Camurati di Strada Settimo a San Mauro Torinese, nasce nel luglio 2013 Estetica Mya.<br>Grazie ad uno staff di professioniste che lavora con passione il centro offre trattamenti mirati a specifiche esigenze, ma anche programmi di bellezza a 360 gradi per rinnovare l&#8217; immagine in modo globale.<\/p>\n<p>Il centro Estetica Mya lavora principalmente su appuntamento, cos\u00ec da organizzare al meglio la giornata ma sopratutto non fare mai aspettare il cliente.<\/p>\n<p>Quindi sia per prendere un appuntamento che per chiedere un informazione non esitare a chiamarci al numero 3703256397 . (Puoi anche solo mandare un messaggio tramite il servizio Whatsapp e noi ti risponderemo il prima possibile).<\/p>\n<p><b><i>Meriti un po\u2019 di relax. Prenditi qualche minuto soltanto per te.<\/i><\/b><\/p>\n<p>Il Centro Estetetico Mya offre anche un accurato servizio di estetica e non solo,<br>infatti da noi puoi trovare un bravissimo Personal Trainer (cos\u00ec dicono le sue clienti)<br>e una strepitosa Nutrizionista.<\/p>\n<p>Rilassati, stacca dalla frenesia quotidiana e lasciati cullare da mani esperte<br>che regaleranno alla tua pelle e al tuo spirito una nuova vitalit\u00e0.<\/p>\n<p>Abbiamo a disposizione per te una vasta gamma di trattamenti e servizi:<\/p>\n<ul>\n<li>Pedicure estetico e curativo<\/li>\n<li>Pedicure &#8220;Trattamento Calluspeeling&#8221;<\/li>\n<li>Manicure<\/li>\n<li>Smalto Semipermanente<\/li>\n<li>Trattamento viso<\/li>\n<li>Depilazione<\/li>\n<li>Epilazione Laser<\/li>\n<li>Trattamenti Anti-Age<\/li>\n<li>Microblading<\/li>\n<li>Tricopigmentazione<\/li>\n<li>Massaggi<\/li>\n<li>Consulenza Alimentare (Nutrizionista)<\/li>\n<li>Personal Training<\/li>\n<li>Osteopatia (Osteopata)<\/li>\n<\/ul>\n<p>La bellezza \u00e8 ovunque: in ogni luogo, in ogni gesto e in ogni parte del corpo.<br>\u00c8 sufficiente sapere come darle lo spazio che merita.<br>Vieni a trovarci e concediti un trattamento di benessere a 360 gradi: tu meriti il meglio.<\/p>\t\t\t\t\t\t\t\t<\/div>\n\t\t\t\t<\/div>\n\t\t\t\t\t<\/div>\n\t\t<\/div>\n\t\t\t\t\t<\/div>\n\t\t<\/section>\n\t\t\t\t<\/div>\n\t\t","protected":false},"excerpt":{"rendered":"<p>Chi Siamo Estetica Mya, dove volersi bene \u00e8 un&#8217;arte dalle possibilit\u00e0 infinite. Il centro \u00e8 una struttura dedicata alla cura del proprio corpo. \u00c8 un oasi di pace e relax per il fisico e per la mente, dove rigenerarsi per affrontare con energia positiva la nostra vita stressante e piena di impegni tutti i giorni. [&hellip;]<\/p>\n","protected":false},"author":1,"featured_media":0,"parent":0,"menu_order":0,"comment_status":"closed","ping_status":"closed","template":"","meta":{"ocean_post_layout":"","ocean_both_sidebars_style":"","ocean_both_sidebars_content_width":0,"ocean_both_sidebars_sidebars_width":0,"ocean_sidebar":"0","ocean_second_sidebar":"0","ocean_disable_margins":"enable","ocean_add_body_class":"","ocean_shortcode_before_top_bar":"","ocean_shortcode_after_top_bar":"","ocean_shortcode_before_header":"","ocean_shortcode_after_header":"","ocean_has_shortcode":"","ocean_shortcode_after_title":"","ocean_shortcode_before_footer_widgets":"","ocean_shortcode_after_footer_widgets":"","ocean_shortcode_before_footer_bottom":"","ocean_shortcode_after_footer_bottom":"","ocean_display_top_bar":"default","ocean_display_header":"default","ocean_header_style":"","ocean_center_header_left_menu":"0","ocean_custom_header_template":"0","ocean_custom_logo":0,"ocean_custom_retina_logo":0,"ocean_custom_logo_max_width":0,"ocean_custom_logo_tablet_max_width":0,"ocean_custom_logo_mobile_max_width":0,"ocean_custom_logo_max_height":0,"ocean_custom_logo_tablet_max_height":0,"ocean_custom_logo_mobile_max_height":0,"ocean_header_custom_menu":"0","ocean_menu_typo_font_family":"0","ocean_menu_typo_font_subset":"","ocean_menu_typo_font_size":0,"ocean_menu_typo_font_size_tablet":0,"ocean_menu_typo_font_size_mobile":0,"ocean_menu_typo_font_size_unit":"px","ocean_menu_typo_font_weight":"","ocean_menu_typo_font_weight_tablet":"","ocean_menu_typo_font_weight_mobile":"","ocean_menu_typo_transform":"","ocean_menu_typo_transform_tablet":"","ocean_menu_typo_transform_mobile":"","ocean_menu_typo_line_height":0,"ocean_menu_typo_line_height_tablet":0,"ocean_menu_typo_line_height_mobile":0,"ocean_menu_typo_line_height_unit":"","ocean_menu_typo_spacing":0,"ocean_menu_typo_spacing_tablet":0,"ocean_menu_typo_spacing_mobile":0,"ocean_menu_typo_spacing_unit":"","ocean_menu_link_color":"","ocean_menu_link_color_hover":"","ocean_menu_link_color_active":"","ocean_menu_link_background":"","ocean_menu_link_hover_background":"","ocean_menu_link_active_background":"","ocean_menu_social_links_bg":"","ocean_menu_social_hover_links_bg":"","ocean_menu_social_links_color":"","ocean_menu_social_hover_links_color":"","ocean_disable_title":"default","ocean_disable_heading":"default","ocean_post_title":"","ocean_post_subheading":"","ocean_post_title_style":"","ocean_post_title_background_color":"","ocean_post_title_background":0,"ocean_post_title_bg_image_position":"","ocean_post_title_bg_image_attachment":"","ocean_post_title_bg_image_repeat":"","ocean_post_title_bg_image_size":"","ocean_post_title_height":0,"ocean_post_title_bg_overlay":0.5,"ocean_post_title_bg_overlay_color":"","ocean_disable_breadcrumbs":"default","ocean_breadcrumbs_color":"","ocean_breadcrumbs_separator_color":"","ocean_breadcrumbs_links_color":"","ocean_breadcrumbs_links_hover_color":"","ocean_display_footer_widgets":"default","ocean_display_footer_bottom":"default","ocean_custom_footer_template":"0","footnotes":""},"class_list":["post-2579","page","type-page","status-publish","hentry","entry"],"yoast_head":"<!-- This site is optimized with the Yoast SEO plugin v27.2 - https:\/\/yoast.com\/product\/yoast-seo-wordpress\/ -->\n<title>Chi Siamo | Centro Estetico Mya \u2013 San Mauro Torinese - stg120326<\/title>\n<meta name=\"description\" content=\"Al Centro Estetico Mya di San Mauro Torinese la cura di s\u00e9 \u00e8 un&#039;arte. Scopri la nostra storia, i nostri valori e il team che ti accoglier\u00e0.&quot;\" \/>\n<meta name=\"robots\" content=\"noindex, follow, max-snippet:-1, max-image-preview:large, max-video-preview:-1\" \/>\n<meta property=\"og:locale\" content=\"it_IT\" \/>\n<meta property=\"og:type\" content=\"article\" \/>\n<meta property=\"og:title\" content=\"Chi Siamo | Centro Estetico Mya \u2013 San Mauro Torinese - stg120326\" \/>\n<meta property=\"og:description\" content=\"Al Centro Estetico Mya di San Mauro Torinese la cura di s\u00e9 \u00e8 un&#039;arte. Scopri la nostra storia, i nostri valori e il team che ti accoglier\u00e0.&quot;\" \/>\n<meta property=\"og:url\" content=\"https:\/\/www.esteticamya.it\/stg120326\/chi-siamo\/\" \/>\n<meta property=\"og:site_name\" content=\"stg120326\" \/>\n<meta property=\"article:publisher\" content=\"https:\/\/www.facebook.com\/EsteticaMyaSanMauroTorinese\" \/>\n<meta property=\"article:modified_time\" content=\"2026-03-06T14:53:29+00:00\" \/>\n<meta property=\"og:image\" content=\"https:\/\/www.esteticamya.it\/stg120326\/wp-content\/uploads\/2022\/09\/copertina_centro_estetica_mya2-1024x576.jpg\" \/>\n<meta name=\"twitter:card\" content=\"summary_large_image\" \/>\n<meta name=\"twitter:label1\" content=\"Tempo di lettura stimato\" \/>\n\t<meta name=\"twitter:data1\" content=\"2 minuti\" \/>\n<script type=\"application\/ld+json\" class=\"yoast-schema-graph\">{\"@context\":\"https:\/\/schema.org\",\"@graph\":[{\"@type\":\"WebPage\",\"@id\":\"https:\/\/www.esteticamya.it\/stg120326\/chi-siamo\/\",\"url\":\"https:\/\/www.esteticamya.it\/stg120326\/chi-siamo\/\",\"name\":\"Chi Siamo | Centro Estetico Mya \u2013 San Mauro Torinese - stg120326\",\"isPartOf\":{\"@id\":\"https:\/\/www.esteticamya.it\/stg120326\/#website\"},\"primaryImageOfPage\":{\"@id\":\"https:\/\/www.esteticamya.it\/stg120326\/chi-siamo\/#primaryimage\"},\"image\":{\"@id\":\"https:\/\/www.esteticamya.it\/stg120326\/chi-siamo\/#primaryimage\"},\"thumbnailUrl\":\"https:\/\/www.esteticamya.it\/stg120326\/wp-content\/uploads\/2022\/09\/copertina_centro_estetica_mya2-1024x576.jpg\",\"datePublished\":\"2023-01-20T13:22:15+00:00\",\"dateModified\":\"2026-03-06T14:53:29+00:00\",\"description\":\"Al Centro Estetico Mya di San Mauro Torinese la cura di s\u00e9 \u00e8 un'arte. Scopri la nostra storia, i nostri valori e il team che ti accoglier\u00e0.\\\"\",\"breadcrumb\":{\"@id\":\"https:\/\/www.esteticamya.it\/stg120326\/chi-siamo\/#breadcrumb\"},\"inLanguage\":\"it-IT\",\"potentialAction\":[{\"@type\":\"ReadAction\",\"target\":[\"https:\/\/www.esteticamya.it\/stg120326\/chi-siamo\/\"]}]},{\"@type\":\"ImageObject\",\"inLanguage\":\"it-IT\",\"@id\":\"https:\/\/www.esteticamya.it\/stg120326\/chi-siamo\/#primaryimage\",\"url\":\"https:\/\/www.esteticamya.it\/stg120326\/wp-content\/uploads\/2022\/09\/copertina_centro_estetica_mya2-e1674374738917.jpg\",\"contentUrl\":\"https:\/\/www.esteticamya.it\/stg120326\/wp-content\/uploads\/2022\/09\/copertina_centro_estetica_mya2-e1674374738917.jpg\",\"width\":800,\"height\":450,\"caption\":\"trattamenti estetici di estetica mya\"},{\"@type\":\"BreadcrumbList\",\"@id\":\"https:\/\/www.esteticamya.it\/stg120326\/chi-siamo\/#breadcrumb\",\"itemListElement\":[{\"@type\":\"ListItem\",\"position\":1,\"name\":\"Home\",\"item\":\"https:\/\/www.esteticamya.it\/stg120326\/\"},{\"@type\":\"ListItem\",\"position\":2,\"name\":\"Chi Siamo | Centro Estetico Mya \u2013 San Mauro Torinese\"}]},{\"@type\":\"WebSite\",\"@id\":\"https:\/\/www.esteticamya.it\/stg120326\/#website\",\"url\":\"https:\/\/www.esteticamya.it\/stg120326\/\",\"name\":\"stg120326\",\"description\":\"Quello che sei a 20 anni \u00e8 merito tuo ... quello che sei a 50 \u00e8 merito di ... Estetica Mya\",\"publisher\":{\"@id\":\"https:\/\/www.esteticamya.it\/stg120326\/#organization\"},\"potentialAction\":[{\"@type\":\"SearchAction\",\"target\":{\"@type\":\"EntryPoint\",\"urlTemplate\":\"https:\/\/www.esteticamya.it\/stg120326\/?s={search_term_string}\"},\"query-input\":{\"@type\":\"PropertyValueSpecification\",\"valueRequired\":true,\"valueName\":\"search_term_string\"}}],\"inLanguage\":\"it-IT\"},{\"@type\":\"Organization\",\"@id\":\"https:\/\/www.esteticamya.it\/stg120326\/#organization\",\"name\":\"Estetica Mya\",\"url\":\"https:\/\/www.esteticamya.it\/stg120326\/\",\"logo\":{\"@type\":\"ImageObject\",\"inLanguage\":\"it-IT\",\"@id\":\"https:\/\/www.esteticamya.it\/stg120326\/#\/schema\/logo\/image\/\",\"url\":\"https:\/\/www.esteticamya.it\/stg120326\/wp-content\/uploads\/2022\/04\/logo-estetica-mya_youtube.jpg\",\"contentUrl\":\"https:\/\/www.esteticamya.it\/stg120326\/wp-content\/uploads\/2022\/04\/logo-estetica-mya_youtube.jpg\",\"width\":612,\"height\":612,\"caption\":\"Estetica Mya\"},\"image\":{\"@id\":\"https:\/\/www.esteticamya.it\/stg120326\/#\/schema\/logo\/image\/\"},\"sameAs\":[\"https:\/\/www.facebook.com\/EsteticaMyaSanMauroTorinese\",\"https:\/\/www.instagram.com\/esteticamya\/\",\"https:\/\/www.youtube.com\/channel\/UCZXIE1AFcElXtGnuH0rC-3A\"]}]}<\/script>\n<!-- \/ Yoast SEO plugin. -->","yoast_head_json":{"title":"Chi Siamo | Centro Estetico Mya \u2013 San Mauro Torinese - stg120326","description":"Al Centro Estetico Mya di San Mauro Torinese la cura di s\u00e9 \u00e8 un'arte. Scopri la nostra storia, i nostri valori e il team che ti accoglier\u00e0.\"","robots":{"index":"noindex","follow":"follow","max-snippet":"max-snippet:-1","max-image-preview":"max-image-preview:large","max-video-preview":"max-video-preview:-1"},"og_locale":"it_IT","og_type":"article","og_title":"Chi Siamo | Centro Estetico Mya \u2013 San Mauro Torinese - stg120326","og_description":"Al Centro Estetico Mya di San Mauro Torinese la cura di s\u00e9 \u00e8 un'arte. Scopri la nostra storia, i nostri valori e il team che ti accoglier\u00e0.\"","og_url":"https:\/\/www.esteticamya.it\/stg120326\/chi-siamo\/","og_site_name":"stg120326","article_publisher":"https:\/\/www.facebook.com\/EsteticaMyaSanMauroTorinese","article_modified_time":"2026-03-06T14:53:29+00:00","og_image":[{"url":"https:\/\/www.esteticamya.it\/stg120326\/wp-content\/uploads\/2022\/09\/copertina_centro_estetica_mya2-1024x576.jpg","type":"","width":"","height":""}],"twitter_card":"summary_large_image","twitter_misc":{"Tempo di lettura stimato":"2 minuti"},"schema":{"@context":"https:\/\/schema.org","@graph":[{"@type":"WebPage","@id":"https:\/\/www.esteticamya.it\/stg120326\/chi-siamo\/","url":"https:\/\/www.esteticamya.it\/stg120326\/chi-siamo\/","name":"Chi Siamo | Centro Estetico Mya \u2013 San Mauro Torinese - stg120326","isPartOf":{"@id":"https:\/\/www.esteticamya.it\/stg120326\/#website"},"primaryImageOfPage":{"@id":"https:\/\/www.esteticamya.it\/stg120326\/chi-siamo\/#primaryimage"},"image":{"@id":"https:\/\/www.esteticamya.it\/stg120326\/chi-siamo\/#primaryimage"},"thumbnailUrl":"https:\/\/www.esteticamya.it\/stg120326\/wp-content\/uploads\/2022\/09\/copertina_centro_estetica_mya2-1024x576.jpg","datePublished":"2023-01-20T13:22:15+00:00","dateModified":"2026-03-06T14:53:29+00:00","description":"Al Centro Estetico Mya di San Mauro Torinese la cura di s\u00e9 \u00e8 un'arte. Scopri la nostra storia, i nostri valori e il team che ti accoglier\u00e0.\"","breadcrumb":{"@id":"https:\/\/www.esteticamya.it\/stg120326\/chi-siamo\/#breadcrumb"},"inLanguage":"it-IT","potentialAction":[{"@type":"ReadAction","target":["https:\/\/www.esteticamya.it\/stg120326\/chi-siamo\/"]}]},{"@type":"ImageObject","inLanguage":"it-IT","@id":"https:\/\/www.esteticamya.it\/stg120326\/chi-siamo\/#primaryimage","url":"https:\/\/www.esteticamya.it\/stg120326\/wp-content\/uploads\/2022\/09\/copertina_centro_estetica_mya2-e1674374738917.jpg","contentUrl":"https:\/\/www.esteticamya.it\/stg120326\/wp-content\/uploads\/2022\/09\/copertina_centro_estetica_mya2-e1674374738917.jpg","width":800,"height":450,"caption":"trattamenti estetici di estetica mya"},{"@type":"BreadcrumbList","@id":"https:\/\/www.esteticamya.it\/stg120326\/chi-siamo\/#breadcrumb","itemListElement":[{"@type":"ListItem","position":1,"name":"Home","item":"https:\/\/www.esteticamya.it\/stg120326\/"},{"@type":"ListItem","position":2,"name":"Chi Siamo | Centro Estetico Mya \u2013 San Mauro Torinese"}]},{"@type":"WebSite","@id":"https:\/\/www.esteticamya.it\/stg120326\/#website","url":"https:\/\/www.esteticamya.it\/stg120326\/","name":"stg120326","description":"Quello che sei a 20 anni \u00e8 merito tuo ... quello che sei a 50 \u00e8 merito di ... Estetica Mya","publisher":{"@id":"https:\/\/www.esteticamya.it\/stg120326\/#organization"},"potentialAction":[{"@type":"SearchAction","target":{"@type":"EntryPoint","urlTemplate":"https:\/\/www.esteticamya.it\/stg120326\/?s={search_term_string}"},"query-input":{"@type":"PropertyValueSpecification","valueRequired":true,"valueName":"search_term_string"}}],"inLanguage":"it-IT"},{"@type":"Organization","@id":"https:\/\/www.esteticamya.it\/stg120326\/#organization","name":"Estetica Mya","url":"https:\/\/www.esteticamya.it\/stg120326\/","logo":{"@type":"ImageObject","inLanguage":"it-IT","@id":"https:\/\/www.esteticamya.it\/stg120326\/#\/schema\/logo\/image\/","url":"https:\/\/www.esteticamya.it\/stg120326\/wp-content\/uploads\/2022\/04\/logo-estetica-mya_youtube.jpg","contentUrl":"https:\/\/www.esteticamya.it\/stg120326\/wp-content\/uploads\/2022\/04\/logo-estetica-mya_youtube.jpg","width":612,"height":612,"caption":"Estetica Mya"},"image":{"@id":"https:\/\/www.esteticamya.it\/stg120326\/#\/schema\/logo\/image\/"},"sameAs":["https:\/\/www.facebook.com\/EsteticaMyaSanMauroTorinese","https:\/\/www.instagram.com\/esteticamya\/","https:\/\/www.youtube.com\/channel\/UCZXIE1AFcElXtGnuH0rC-3A"]}]}},"_links":{"self":[{"href":"https:\/\/www.esteticamya.it\/stg120326\/wp-json\/wp\/v2\/pages\/2579","targetHints":{"allow":["GET"]}}],"collection":[{"href":"https:\/\/www.esteticamya.it\/stg120326\/wp-json\/wp\/v2\/pages"}],"about":[{"href":"https:\/\/www.esteticamya.it\/stg120326\/wp-json\/wp\/v2\/types\/page"}],"author":[{"embeddable":true,"href":"https:\/\/www.esteticamya.it\/stg120326\/wp-json\/wp\/v2\/users\/1"}],"replies":[{"embeddable":true,"href":"https:\/\/www.esteticamya.it\/stg120326\/wp-json\/wp\/v2\/comments?post=2579"}],"version-history":[{"count":1,"href":"https:\/\/www.esteticamya.it\/stg120326\/wp-json\/wp\/v2\/pages\/2579\/revisions"}],"predecessor-version":[{"id":3746,"href":"https:\/\/www.esteticamya.it\/stg120326\/wp-json\/wp\/v2\/pages\/2579\/revisions\/3746"}],"wp:attachment":[{"href":"https:\/\/www.esteticamya.it\/stg120326\/wp-json\/wp\/v2\/media?parent=2579"}],"curies":[{"name":"wp","href":"https:\/\/api.w.org\/{rel}","templated":true}]}}