{"id":2664,"date":"2023-01-22T17:20:49","date_gmt":"2023-01-22T17:20:49","guid":{"rendered":"https:\/\/www.esteticamya.it\/stg120326\/?page_id=2664"},"modified":"2026-03-06T15:58:10","modified_gmt":"2026-03-06T14:58:10","slug":"consulenza-ed-educazione-alimentare","status":"publish","type":"page","link":"https:\/\/www.esteticamya.it\/stg120326\/consulenza-ed-educazione-alimentare\/","title":{"rendered":"Consulenza Alimentare a San Mauro Torinese | Centro Estetico Mya"},"content":{"rendered":"\t\t<div data-elementor-type=\"wp-page\" data-elementor-id=\"2664\" class=\"elementor elementor-2664\">\n\t\t\t\t<div class=\"elementor-element elementor-element-aaca65f e-flex e-con-boxed e-con e-parent\" data-id=\"aaca65f\" data-element_type=\"container\" data-e-type=\"container\">\n\t\t\t\t\t<div class=\"e-con-inner\">\n\t\t\t\t<div class=\"elementor-element elementor-element-fa0fb65 elementor-widget elementor-widget-heading\" data-id=\"fa0fb65\" data-element_type=\"widget\" data-e-type=\"widget\" data-widget_type=\"heading.default\">\n\t\t\t\t<div class=\"elementor-widget-container\">\n\t\t\t\t\t<h1 class=\"elementor-heading-title elementor-size-default\">Consulenza Alimentare<\/h1>\t\t\t\t<\/div>\n\t\t\t\t<\/div>\n\t\t\t\t\t<\/div>\n\t\t\t\t<\/div>\n\t\t<div class=\"elementor-element elementor-element-ad7f611 e-flex e-con-boxed e-con e-parent\" data-id=\"ad7f611\" data-element_type=\"container\" data-e-type=\"container\">\n\t\t\t\t\t<div class=\"e-con-inner\">\n\t\t<div class=\"elementor-element elementor-element-119d838 e-con-full e-flex e-con e-child\" data-id=\"119d838\" data-element_type=\"container\" data-e-type=\"container\">\n\t\t\t\t<div class=\"elementor-element elementor-element-722ffe5 elementor-widget elementor-widget-image\" data-id=\"722ffe5\" data-element_type=\"widget\" data-e-type=\"widget\" data-widget_type=\"image.default\">\n\t\t\t\t<div class=\"elementor-widget-container\">\n\t\t\t\t\t\t\t\t\t\t\t\t\t\t\t<img fetchpriority=\"high\" decoding=\"async\" width=\"1024\" height=\"683\" src=\"https:\/\/www.esteticamya.it\/stg120326\/wp-content\/uploads\/2020\/04\/nutrizione_esteticamya-1024x683.jpg\" class=\"attachment-large size-large wp-image-617\" alt=\"Consulenza Alimentare Estetica Mya\" srcset=\"https:\/\/www.esteticamya.it\/stg120326\/wp-content\/uploads\/2020\/04\/nutrizione_esteticamya-1024x683.jpg 1024w, https:\/\/www.esteticamya.it\/stg120326\/wp-content\/uploads\/2020\/04\/nutrizione_esteticamya-e1674375110912-300x200.jpg 300w, https:\/\/www.esteticamya.it\/stg120326\/wp-content\/uploads\/2020\/04\/nutrizione_esteticamya-e1674375110912-768x512.jpg 768w, https:\/\/www.esteticamya.it\/stg120326\/wp-content\/uploads\/2020\/04\/nutrizione_esteticamya-1536x1024.jpg 1536w, https:\/\/www.esteticamya.it\/stg120326\/wp-content\/uploads\/2020\/04\/nutrizione_esteticamya-2048x1365.jpg 2048w, https:\/\/www.esteticamya.it\/stg120326\/wp-content\/uploads\/2020\/04\/nutrizione_esteticamya-e1674375110912.jpg 800w\" sizes=\"(max-width: 1024px) 100vw, 1024px\" \/>\t\t\t\t\t\t\t\t\t\t\t\t\t\t\t<\/div>\n\t\t\t\t<\/div>\n\t\t\t\t<div class=\"elementor-element elementor-element-62cf2bf elementor-widget elementor-widget-text-editor\" data-id=\"62cf2bf\" data-element_type=\"widget\" data-e-type=\"widget\" data-widget_type=\"text-editor.default\">\n\t\t\t\t<div class=\"elementor-widget-container\">\n\t\t\t\t\t\t\t\t\t<p>Nel Centro Estetico Mya a San Mauro Torinese, puoi trovare un Servizio di Consulenza Alimentare grazie al nostro \u00a0Nutrizionista Dott.re Marco Carlino Biologo Nutrizionista.<\/p><p><a href=\"https:\/\/www.esteticamya.it\/stg120326\/nutrizionista\">CLICCA QUI PER CONOSCERLO !<\/a><\/p>\t\t\t\t\t\t\t\t<\/div>\n\t\t\t\t<\/div>\n\t\t\t\t<\/div>\n\t\t<div class=\"elementor-element elementor-element-087b7bc e-con-full e-flex e-con e-child\" data-id=\"087b7bc\" data-element_type=\"container\" data-e-type=\"container\">\n\t\t\t\t<div class=\"elementor-element elementor-element-da5826a elementor-widget elementor-widget-text-editor\" data-id=\"da5826a\" data-element_type=\"widget\" data-e-type=\"widget\" data-widget_type=\"text-editor.default\">\n\t\t\t\t<div class=\"elementor-widget-container\">\n\t\t\t\t\t\t\t\t\t<h2 data-pm-slice=\"1 1 []\">Consulenza ed Educazione Alimentare: il segreto per salute e benessere<\/h2><p>Continua a leggere per scoprire perch\u00e9 \u00e8 importante farsi seguire da un professionista per una consulenza alimentare invece di fare da soli.<\/p><p>Mangiare bene non significa seguire una dieta restrittiva, ma imparare a bilanciare correttamente i pasti per fornire al corpo tutti i nutrienti di cui ha bisogno. Un\u2019alimentazione equilibrata aiuta non solo a mantenere un peso ottimale, ma anche a migliorare la salute della pelle, rendendola pi\u00f9 giovane, elastica e luminosa <a href=\"https:\/\/www.esteticamya.it\/stg120326\/trattamenti-estetici\/\">(CLICCA QUI PER CONOSCERE TUTTI I NOSTRI TRATTAMENTI ESTETICI)<\/a>. Da Estetica Mya crediamo che il benessere inizi dalle scelte quotidiane, e per questo offriamo un servizio completo di <strong>Consulenza ed Educazione Alimentare<\/strong>, per aiutarti a sviluppare abitudini sane e sostenibili nel tempo.<\/p><h2>I servizi di Consulenza ed Educazione Alimentare disponibili:<\/h2><p>Presso Estetica Mya a San Mauro Torinese, troverai un servizio altamente professionale che ti guider\u00e0 passo dopo passo verso un\u2019alimentazione consapevole e personalizzata. I nostri servizi includono:<\/p><ul data-spread=\"false\"><li><p><strong>Visita Nutrizionale e valutazione della composizione corporea<\/strong> tramite DIP (Pletismografia a immagine digitale), <a href=\"https:\/\/www.mascaretti.it\/fityouroutfit-funzionamento\/\">clicca qui<\/a> per saperne di pi\u00f9 !.<\/p><\/li><li><p><strong>Elaborazione di piani alimentari personalizzati<\/strong> per diverse esigenze:<\/p><ul data-spread=\"false\"><li><p>Percorsi di perdita di peso<\/p><\/li><li><p>Alimentazione vegetariana e vegana<\/p><\/li><li><p>Gestione di disturbi gastrointestinali<\/p><\/li><li><p>Percorsi alimentari per allergie e intolleranze<\/p><\/li><li><p>Educazione alimentare per bambini e adulti<\/p><\/li><\/ul><\/li><\/ul><h2>Benessere a 360\u00b0: alimentazione e allenamento<\/h2><p>Oltre alla <strong>Consulenza ed Educazione Alimentare<\/strong>, Estetica Mya offre anche un servizio di <strong>Personal Training (<\/strong>sempre nella nostra sede a San Mauro Torinese<strong>) <a href=\"https:\/\/www.esteticamya.it\/stg120326\/servizio-personal-training\/\">(CLICCA QUI PER SAPERNE DI PIU&#8217;)<\/a><\/strong>, perch\u00e9 il benessere e la forma fisica si costruiscono con un approccio completo. Unire un\u2019alimentazione equilibrata all\u2019attivit\u00e0 fisica ti aiuter\u00e0 a sentirti pi\u00f9 energico, migliorare il metabolismo e raggiungere i tuoi obiettivi di salute in modo efficace e duraturo.<\/p><p>Se desideri migliorare il tuo stile di vita senza rinunce, ma con consapevolezza e risultati duraturi, affidati ai nostri esperti. Contattaci per una consulenza e inizia il tuo percorso verso un benessere totale <a href=\"https:\/\/www.esteticamya.it\/stg120326\">(CLICCA QUI PER CONOSCERE TUTTI I NOSTRI SERVIZI! )<\/a><\/p>\t\t\t\t\t\t\t\t<\/div>\n\t\t\t\t<\/div>\n\t\t\t\t<\/div>\n\t\t\t\t\t<\/div>\n\t\t\t\t<\/div>\n\t\t\t\t<\/div>\n\t\t","protected":false},"excerpt":{"rendered":"<p>TITLE &#8220;Consulenza Alimentare a San Mauro Torinese | Centro Estetico Mya Ecco i suggerimenti: TITLE &#8220;Consulenza Alimentare a San Mauro Torinese | Centro Estetico Mya Ecco i suggerimenti: TITLE &#8220;Consulenza Alimentare a San Mauro Torinese | Centro Estetico Mya Consulenza Alimentare Nel Centro Estetico Mya a San Mauro Torinese, puoi trovare un Servizio di Consulenza [&hellip;]<\/p>\n","protected":false},"author":1,"featured_media":0,"parent":0,"menu_order":0,"comment_status":"closed","ping_status":"closed","template":"","meta":{"ocean_post_layout":"","ocean_both_sidebars_style":"","ocean_both_sidebars_content_width":0,"ocean_both_sidebars_sidebars_width":0,"ocean_sidebar":"0","ocean_second_sidebar":"0","ocean_disable_margins":"enable","ocean_add_body_class":"","ocean_shortcode_before_top_bar":"","ocean_shortcode_after_top_bar":"","ocean_shortcode_before_header":"","ocean_shortcode_after_header":"","ocean_has_shortcode":"","ocean_shortcode_after_title":"","ocean_shortcode_before_footer_widgets":"","ocean_shortcode_after_footer_widgets":"","ocean_shortcode_before_footer_bottom":"","ocean_shortcode_after_footer_bottom":"","ocean_display_top_bar":"default","ocean_display_header":"default","ocean_header_style":"","ocean_center_header_left_menu":"0","ocean_custom_header_template":"0","ocean_custom_logo":0,"ocean_custom_retina_logo":0,"ocean_custom_logo_max_width":0,"ocean_custom_logo_tablet_max_width":0,"ocean_custom_logo_mobile_max_width":0,"ocean_custom_logo_max_height":0,"ocean_custom_logo_tablet_max_height":0,"ocean_custom_logo_mobile_max_height":0,"ocean_header_custom_menu":"0","ocean_menu_typo_font_family":"0","ocean_menu_typo_font_subset":"","ocean_menu_typo_font_size":0,"ocean_menu_typo_font_size_tablet":0,"ocean_menu_typo_font_size_mobile":0,"ocean_menu_typo_font_size_unit":"px","ocean_menu_typo_font_weight":"","ocean_menu_typo_font_weight_tablet":"","ocean_menu_typo_font_weight_mobile":"","ocean_menu_typo_transform":"","ocean_menu_typo_transform_tablet":"","ocean_menu_typo_transform_mobile":"","ocean_menu_typo_line_height":0,"ocean_menu_typo_line_height_tablet":0,"ocean_menu_typo_line_height_mobile":0,"ocean_menu_typo_line_height_unit":"","ocean_menu_typo_spacing":0,"ocean_menu_typo_spacing_tablet":0,"ocean_menu_typo_spacing_mobile":0,"ocean_menu_typo_spacing_unit":"","ocean_menu_link_color":"","ocean_menu_link_color_hover":"","ocean_menu_link_color_active":"","ocean_menu_link_background":"","ocean_menu_link_hover_background":"","ocean_menu_link_active_background":"","ocean_menu_social_links_bg":"","ocean_menu_social_hover_links_bg":"","ocean_menu_social_links_color":"","ocean_menu_social_hover_links_color":"","ocean_disable_title":"default","ocean_disable_heading":"default","ocean_post_title":"","ocean_post_subheading":"","ocean_post_title_style":"","ocean_post_title_background_color":"","ocean_post_title_background":0,"ocean_post_title_bg_image_position":"","ocean_post_title_bg_image_attachment":"","ocean_post_title_bg_image_repeat":"","ocean_post_title_bg_image_size":"","ocean_post_title_height":0,"ocean_post_title_bg_overlay":0.5,"ocean_post_title_bg_overlay_color":"","ocean_disable_breadcrumbs":"default","ocean_breadcrumbs_color":"","ocean_breadcrumbs_separator_color":"","ocean_breadcrumbs_links_color":"","ocean_breadcrumbs_links_hover_color":"","ocean_display_footer_widgets":"default","ocean_display_footer_bottom":"default","ocean_custom_footer_template":"0","footnotes":""},"class_list":["post-2664","page","type-page","status-publish","hentry","entry"],"yoast_head":"<!-- This site is optimized with the Yoast SEO plugin v27.2 - https:\/\/yoast.com\/product\/yoast-seo-wordpress\/ -->\n<title>Consulenza Alimentare a San Mauro Torinese | Centro Estetico Mya - stg120326<\/title>\n<meta name=\"description\" content=\"Vuoi migliorare la tua alimentazione senza diete restrittive?Consulenza ed educazione alimentare al Centro Estetico Mya di San Mauro Torinese\" \/>\n<meta name=\"robots\" content=\"noindex, follow, max-snippet:-1, max-image-preview:large, max-video-preview:-1\" \/>\n<meta property=\"og:locale\" content=\"it_IT\" \/>\n<meta property=\"og:type\" content=\"article\" \/>\n<meta property=\"og:title\" content=\"Consulenza Alimentare a San Mauro Torinese | Centro Estetico Mya - stg120326\" \/>\n<meta property=\"og:description\" content=\"Vuoi migliorare la tua alimentazione senza diete restrittive?Consulenza ed educazione alimentare al Centro Estetico Mya di San Mauro Torinese\" \/>\n<meta property=\"og:url\" content=\"https:\/\/www.esteticamya.it\/stg120326\/consulenza-ed-educazione-alimentare\/\" \/>\n<meta property=\"og:site_name\" content=\"stg120326\" \/>\n<meta property=\"article:publisher\" content=\"https:\/\/www.facebook.com\/EsteticaMyaSanMauroTorinese\" \/>\n<meta property=\"article:modified_time\" content=\"2026-03-06T14:58:10+00:00\" \/>\n<meta property=\"og:image\" content=\"https:\/\/www.esteticamya.it\/stg120326\/wp-content\/uploads\/2020\/04\/nutrizione_esteticamya-1024x683.jpg\" \/>\n<meta name=\"twitter:card\" content=\"summary_large_image\" \/>\n<meta name=\"twitter:label1\" content=\"Tempo di lettura stimato\" \/>\n\t<meta name=\"twitter:data1\" content=\"2 minuti\" \/>\n<script type=\"application\/ld+json\" class=\"yoast-schema-graph\">{\"@context\":\"https:\/\/schema.org\",\"@graph\":[{\"@type\":\"WebPage\",\"@id\":\"https:\/\/www.esteticamya.it\/stg120326\/consulenza-ed-educazione-alimentare\/\",\"url\":\"https:\/\/www.esteticamya.it\/stg120326\/consulenza-ed-educazione-alimentare\/\",\"name\":\"Consulenza Alimentare a San Mauro Torinese | Centro Estetico Mya - stg120326\",\"isPartOf\":{\"@id\":\"https:\/\/www.esteticamya.it\/stg120326\/#website\"},\"primaryImageOfPage\":{\"@id\":\"https:\/\/www.esteticamya.it\/stg120326\/consulenza-ed-educazione-alimentare\/#primaryimage\"},\"image\":{\"@id\":\"https:\/\/www.esteticamya.it\/stg120326\/consulenza-ed-educazione-alimentare\/#primaryimage\"},\"thumbnailUrl\":\"https:\/\/www.esteticamya.it\/stg120326\/wp-content\/uploads\/2020\/04\/nutrizione_esteticamya-1024x683.jpg\",\"datePublished\":\"2023-01-22T17:20:49+00:00\",\"dateModified\":\"2026-03-06T14:58:10+00:00\",\"description\":\"Vuoi migliorare la tua alimentazione senza diete restrittive?Consulenza ed educazione alimentare al Centro Estetico Mya di San Mauro Torinese\",\"breadcrumb\":{\"@id\":\"https:\/\/www.esteticamya.it\/stg120326\/consulenza-ed-educazione-alimentare\/#breadcrumb\"},\"inLanguage\":\"it-IT\",\"potentialAction\":[{\"@type\":\"ReadAction\",\"target\":[\"https:\/\/www.esteticamya.it\/stg120326\/consulenza-ed-educazione-alimentare\/\"]}]},{\"@type\":\"ImageObject\",\"inLanguage\":\"it-IT\",\"@id\":\"https:\/\/www.esteticamya.it\/stg120326\/consulenza-ed-educazione-alimentare\/#primaryimage\",\"url\":\"https:\/\/www.esteticamya.it\/stg120326\/wp-content\/uploads\/2020\/04\/nutrizione_esteticamya-1024x683.jpg\",\"contentUrl\":\"https:\/\/www.esteticamya.it\/stg120326\/wp-content\/uploads\/2020\/04\/nutrizione_esteticamya-1024x683.jpg\"},{\"@type\":\"BreadcrumbList\",\"@id\":\"https:\/\/www.esteticamya.it\/stg120326\/consulenza-ed-educazione-alimentare\/#breadcrumb\",\"itemListElement\":[{\"@type\":\"ListItem\",\"position\":1,\"name\":\"Home\",\"item\":\"https:\/\/www.esteticamya.it\/stg120326\/\"},{\"@type\":\"ListItem\",\"position\":2,\"name\":\"Consulenza Alimentare a San Mauro Torinese | Centro Estetico Mya\"}]},{\"@type\":\"WebSite\",\"@id\":\"https:\/\/www.esteticamya.it\/stg120326\/#website\",\"url\":\"https:\/\/www.esteticamya.it\/stg120326\/\",\"name\":\"stg120326\",\"description\":\"Quello che sei a 20 anni \u00e8 merito tuo ... quello che sei a 50 \u00e8 merito di ... Estetica Mya\",\"publisher\":{\"@id\":\"https:\/\/www.esteticamya.it\/stg120326\/#organization\"},\"potentialAction\":[{\"@type\":\"SearchAction\",\"target\":{\"@type\":\"EntryPoint\",\"urlTemplate\":\"https:\/\/www.esteticamya.it\/stg120326\/?s={search_term_string}\"},\"query-input\":{\"@type\":\"PropertyValueSpecification\",\"valueRequired\":true,\"valueName\":\"search_term_string\"}}],\"inLanguage\":\"it-IT\"},{\"@type\":\"Organization\",\"@id\":\"https:\/\/www.esteticamya.it\/stg120326\/#organization\",\"name\":\"Estetica Mya\",\"url\":\"https:\/\/www.esteticamya.it\/stg120326\/\",\"logo\":{\"@type\":\"ImageObject\",\"inLanguage\":\"it-IT\",\"@id\":\"https:\/\/www.esteticamya.it\/stg120326\/#\/schema\/logo\/image\/\",\"url\":\"https:\/\/www.esteticamya.it\/stg120326\/wp-content\/uploads\/2022\/04\/logo-estetica-mya_youtube.jpg\",\"contentUrl\":\"https:\/\/www.esteticamya.it\/stg120326\/wp-content\/uploads\/2022\/04\/logo-estetica-mya_youtube.jpg\",\"width\":612,\"height\":612,\"caption\":\"Estetica Mya\"},\"image\":{\"@id\":\"https:\/\/www.esteticamya.it\/stg120326\/#\/schema\/logo\/image\/\"},\"sameAs\":[\"https:\/\/www.facebook.com\/EsteticaMyaSanMauroTorinese\",\"https:\/\/www.instagram.com\/esteticamya\/\",\"https:\/\/www.youtube.com\/channel\/UCZXIE1AFcElXtGnuH0rC-3A\"]}]}<\/script>\n<!-- \/ Yoast SEO plugin. -->","yoast_head_json":{"title":"Consulenza Alimentare a San Mauro Torinese | Centro Estetico Mya - stg120326","description":"Vuoi migliorare la tua alimentazione senza diete restrittive?Consulenza ed educazione alimentare al Centro Estetico Mya di San Mauro Torinese","robots":{"index":"noindex","follow":"follow","max-snippet":"max-snippet:-1","max-image-preview":"max-image-preview:large","max-video-preview":"max-video-preview:-1"},"og_locale":"it_IT","og_type":"article","og_title":"Consulenza Alimentare a San Mauro Torinese | Centro Estetico Mya - stg120326","og_description":"Vuoi migliorare la tua alimentazione senza diete restrittive?Consulenza ed educazione alimentare al Centro Estetico Mya di San Mauro Torinese","og_url":"https:\/\/www.esteticamya.it\/stg120326\/consulenza-ed-educazione-alimentare\/","og_site_name":"stg120326","article_publisher":"https:\/\/www.facebook.com\/EsteticaMyaSanMauroTorinese","article_modified_time":"2026-03-06T14:58:10+00:00","og_image":[{"url":"https:\/\/www.esteticamya.it\/stg120326\/wp-content\/uploads\/2020\/04\/nutrizione_esteticamya-1024x683.jpg","type":"","width":"","height":""}],"twitter_card":"summary_large_image","twitter_misc":{"Tempo di lettura stimato":"2 minuti"},"schema":{"@context":"https:\/\/schema.org","@graph":[{"@type":"WebPage","@id":"https:\/\/www.esteticamya.it\/stg120326\/consulenza-ed-educazione-alimentare\/","url":"https:\/\/www.esteticamya.it\/stg120326\/consulenza-ed-educazione-alimentare\/","name":"Consulenza Alimentare a San Mauro Torinese | Centro Estetico Mya - stg120326","isPartOf":{"@id":"https:\/\/www.esteticamya.it\/stg120326\/#website"},"primaryImageOfPage":{"@id":"https:\/\/www.esteticamya.it\/stg120326\/consulenza-ed-educazione-alimentare\/#primaryimage"},"image":{"@id":"https:\/\/www.esteticamya.it\/stg120326\/consulenza-ed-educazione-alimentare\/#primaryimage"},"thumbnailUrl":"https:\/\/www.esteticamya.it\/stg120326\/wp-content\/uploads\/2020\/04\/nutrizione_esteticamya-1024x683.jpg","datePublished":"2023-01-22T17:20:49+00:00","dateModified":"2026-03-06T14:58:10+00:00","description":"Vuoi migliorare la tua alimentazione senza diete restrittive?Consulenza ed educazione alimentare al Centro Estetico Mya di San Mauro Torinese","breadcrumb":{"@id":"https:\/\/www.esteticamya.it\/stg120326\/consulenza-ed-educazione-alimentare\/#breadcrumb"},"inLanguage":"it-IT","potentialAction":[{"@type":"ReadAction","target":["https:\/\/www.esteticamya.it\/stg120326\/consulenza-ed-educazione-alimentare\/"]}]},{"@type":"ImageObject","inLanguage":"it-IT","@id":"https:\/\/www.esteticamya.it\/stg120326\/consulenza-ed-educazione-alimentare\/#primaryimage","url":"https:\/\/www.esteticamya.it\/stg120326\/wp-content\/uploads\/2020\/04\/nutrizione_esteticamya-1024x683.jpg","contentUrl":"https:\/\/www.esteticamya.it\/stg120326\/wp-content\/uploads\/2020\/04\/nutrizione_esteticamya-1024x683.jpg"},{"@type":"BreadcrumbList","@id":"https:\/\/www.esteticamya.it\/stg120326\/consulenza-ed-educazione-alimentare\/#breadcrumb","itemListElement":[{"@type":"ListItem","position":1,"name":"Home","item":"https:\/\/www.esteticamya.it\/stg120326\/"},{"@type":"ListItem","position":2,"name":"Consulenza Alimentare a San Mauro Torinese | Centro Estetico Mya"}]},{"@type":"WebSite","@id":"https:\/\/www.esteticamya.it\/stg120326\/#website","url":"https:\/\/www.esteticamya.it\/stg120326\/","name":"stg120326","description":"Quello che sei a 20 anni \u00e8 merito tuo ... quello che sei a 50 \u00e8 merito di ... Estetica Mya","publisher":{"@id":"https:\/\/www.esteticamya.it\/stg120326\/#organization"},"potentialAction":[{"@type":"SearchAction","target":{"@type":"EntryPoint","urlTemplate":"https:\/\/www.esteticamya.it\/stg120326\/?s={search_term_string}"},"query-input":{"@type":"PropertyValueSpecification","valueRequired":true,"valueName":"search_term_string"}}],"inLanguage":"it-IT"},{"@type":"Organization","@id":"https:\/\/www.esteticamya.it\/stg120326\/#organization","name":"Estetica Mya","url":"https:\/\/www.esteticamya.it\/stg120326\/","logo":{"@type":"ImageObject","inLanguage":"it-IT","@id":"https:\/\/www.esteticamya.it\/stg120326\/#\/schema\/logo\/image\/","url":"https:\/\/www.esteticamya.it\/stg120326\/wp-content\/uploads\/2022\/04\/logo-estetica-mya_youtube.jpg","contentUrl":"https:\/\/www.esteticamya.it\/stg120326\/wp-content\/uploads\/2022\/04\/logo-estetica-mya_youtube.jpg","width":612,"height":612,"caption":"Estetica Mya"},"image":{"@id":"https:\/\/www.esteticamya.it\/stg120326\/#\/schema\/logo\/image\/"},"sameAs":["https:\/\/www.facebook.com\/EsteticaMyaSanMauroTorinese","https:\/\/www.instagram.com\/esteticamya\/","https:\/\/www.youtube.com\/channel\/UCZXIE1AFcElXtGnuH0rC-3A"]}]}},"_links":{"self":[{"href":"https:\/\/www.esteticamya.it\/stg120326\/wp-json\/wp\/v2\/pages\/2664","targetHints":{"allow":["GET"]}}],"collection":[{"href":"https:\/\/www.esteticamya.it\/stg120326\/wp-json\/wp\/v2\/pages"}],"about":[{"href":"https:\/\/www.esteticamya.it\/stg120326\/wp-json\/wp\/v2\/types\/page"}],"author":[{"embeddable":true,"href":"https:\/\/www.esteticamya.it\/stg120326\/wp-json\/wp\/v2\/users\/1"}],"replies":[{"embeddable":true,"href":"https:\/\/www.esteticamya.it\/stg120326\/wp-json\/wp\/v2\/comments?post=2664"}],"version-history":[{"count":22,"href":"https:\/\/www.esteticamya.it\/stg120326\/wp-json\/wp\/v2\/pages\/2664\/revisions"}],"predecessor-version":[{"id":3748,"href":"https:\/\/www.esteticamya.it\/stg120326\/wp-json\/wp\/v2\/pages\/2664\/revisions\/3748"}],"wp:attachment":[{"href":"https:\/\/www.esteticamya.it\/stg120326\/wp-json\/wp\/v2\/media?parent=2664"}],"curies":[{"name":"wp","href":"https:\/\/api.w.org\/{rel}","templated":true}]}}